{"id":1431,"date":"2024-05-17T13:31:16","date_gmt":"2024-05-17T13:31:16","guid":{"rendered":"https:\/\/standme.de\/services\/"},"modified":"2024-07-10T15:06:45","modified_gmt":"2024-07-10T15:06:45","slug":"services","status":"publish","type":"page","link":"https:\/\/standme.de\/de\/services\/","title":{"rendered":"Dienstleistungen"},"content":{"rendered":"\t\t<div data-elementor-type=\"wp-page\" data-elementor-id=\"1431\" class=\"elementor elementor-1431 elementor-391\" data-elementor-post-type=\"page\">\n\t\t\t\t<div class=\"elementor-element elementor-element-14bdb51 e-flex e-con-boxed e-con e-parent\" data-id=\"14bdb51\" data-element_type=\"container\" data-settings=\"{&quot;background_background&quot;:&quot;classic&quot;}\">\n\t\t\t\t\t<div class=\"e-con-inner\">\n\t\t<div class=\"elementor-element elementor-element-432ace4 e-flex e-con-boxed e-con e-child\" data-id=\"432ace4\" data-element_type=\"container\">\n\t\t\t\t\t<div class=\"e-con-inner\">\n\t\t\t\t\t<\/div>\n\t\t\t\t<\/div>\n\t\t\t\t\t<\/div>\n\t\t\t\t<\/div>\n\t\t<div class=\"elementor-element elementor-element-8be4cba e-flex e-con-boxed e-con e-parent\" data-id=\"8be4cba\" data-element_type=\"container\" data-settings=\"{&quot;background_background&quot;:&quot;classic&quot;}\">\n\t\t\t\t\t<div class=\"e-con-inner\">\n\t\t\t\t<div class=\"elementor-element elementor-element-3430cfe elementor-widget elementor-widget-spacer\" data-id=\"3430cfe\" data-element_type=\"widget\" data-widget_type=\"spacer.default\">\n\t\t\t\t<div class=\"elementor-widget-container\">\n\t\t\t\t\t\t\t<div class=\"elementor-spacer\">\n\t\t\t<div class=\"elementor-spacer-inner\"><\/div>\n\t\t<\/div>\n\t\t\t\t\t\t<\/div>\n\t\t\t\t<\/div>\n\t\t\t\t\t<\/div>\n\t\t\t\t<\/div>\n\t\t<div class=\"elementor-element elementor-element-cbf9796 e-flex e-con-boxed e-con e-parent\" data-id=\"cbf9796\" data-element_type=\"container\" data-settings=\"{&quot;background_background&quot;:&quot;classic&quot;}\">\n\t\t\t\t\t<div class=\"e-con-inner\">\n\t\t\t\t<div class=\"elementor-element elementor-element-5577d39 animated-slow elementor-invisible elementor-widget elementor-widget-heading\" data-id=\"5577d39\" data-element_type=\"widget\" data-settings=\"{&quot;motion_fx_motion_fx_mouse&quot;:&quot;yes&quot;,&quot;motion_fx_mouseTrack_effect&quot;:&quot;yes&quot;,&quot;motion_fx_mouseTrack_direction&quot;:&quot;negative&quot;,&quot;motion_fx_mouseTrack_speed&quot;:{&quot;unit&quot;:&quot;px&quot;,&quot;size&quot;:0.1,&quot;sizes&quot;:[]},&quot;_animation&quot;:&quot;fadeInDown&quot;}\" data-widget_type=\"heading.default\">\n\t\t\t\t<div class=\"elementor-widget-container\">\n\t\t\t\t\t<h2 class=\"elementor-heading-title elementor-size-default\">Unsere Dienstleistungen<\/h2>\t\t\t\t<\/div>\n\t\t\t\t<\/div>\n\t\t\t\t<div class=\"elementor-element elementor-element-94828a1 animated-slow elementor-invisible elementor-widget elementor-widget-heading\" data-id=\"94828a1\" data-element_type=\"widget\" data-settings=\"{&quot;_animation&quot;:&quot;fadeInUp&quot;}\" data-widget_type=\"heading.default\">\n\t\t\t\t<div class=\"elementor-widget-container\">\n\t\t\t\t\t<h2 class=\"elementor-heading-title elementor-size-default\">Steigern Sie den <span style=\"color:#BA8F2E;\"> Messeerfolg mit StandMe's ma\u00dfgeschneiderten  <\/span> Dienstleistungen, die sorgf\u00e4ltig auf Ihre Bed\u00fcrfnisse zugeschnitten sind. \n\n<\/h2>\t\t\t\t<\/div>\n\t\t\t\t<\/div>\n\t\t\t\t\t<\/div>\n\t\t\t\t<\/div>\n\t\t<div class=\"elementor-element elementor-element-58b6a42 e-flex e-con-boxed e-con e-parent\" data-id=\"58b6a42\" data-element_type=\"container\" data-settings=\"{&quot;background_background&quot;:&quot;classic&quot;}\">\n\t\t\t\t\t<div class=\"e-con-inner\">\n\t\t<div class=\"elementor-element elementor-element-017ccf0 e-con-full e-flex e-con e-child\" data-id=\"017ccf0\" data-element_type=\"container\">\n\t\t<div class=\"elementor-element elementor-element-0fd84ea e-grid e-con-boxed e-con e-child\" data-id=\"0fd84ea\" data-element_type=\"container\">\n\t\t\t\t\t<div class=\"e-con-inner\">\n\t\t<div class=\"elementor-element elementor-element-40373e9 animated-slow e-flex e-con-boxed elementor-invisible e-con e-child\" data-id=\"40373e9\" data-element_type=\"container\" data-settings=\"{&quot;background_background&quot;:&quot;classic&quot;,&quot;animation&quot;:&quot;fadeInUp&quot;}\">\n\t\t\t\t\t<div class=\"e-con-inner\">\n\t\t\t\t<div class=\"elementor-element elementor-element-1ebff4a elementor-view-default elementor-position-top elementor-mobile-position-top elementor-widget elementor-widget-icon-box\" data-id=\"1ebff4a\" data-element_type=\"widget\" data-widget_type=\"icon-box.default\">\n\t\t\t\t<div class=\"elementor-widget-container\">\n\t\t\t\t\t\t\t<div class=\"elementor-icon-box-wrapper\">\n\n\t\t\t\t\t\t<div class=\"elementor-icon-box-icon\">\n\t\t\t\t<span  class=\"elementor-icon\">\n\t\t\t\t<svg aria-hidden=\"true\" class=\"e-font-icon-svg e-fas-paint-brush\" viewBox=\"0 0 512 512\" xmlns=\"http:\/\/www.w3.org\/2000\/svg\"><path d=\"M167.02 309.34c-40.12 2.58-76.53 17.86-97.19 72.3-2.35 6.21-8 9.98-14.59 9.98-11.11 0-45.46-27.67-55.25-34.35C0 439.62 37.93 512 128 512c75.86 0 128-43.77 128-120.19 0-3.11-.65-6.08-.97-9.13l-88.01-73.34zM457.89 0c-15.16 0-29.37 6.71-40.21 16.45C213.27 199.05 192 203.34 192 257.09c0 13.7 3.25 26.76 8.73 38.7l63.82 53.18c7.21 1.8 14.64 3.03 22.39 3.03 62.11 0 98.11-45.47 211.16-256.46 7.38-14.35 13.9-29.85 13.9-45.99C512 20.64 486 0 457.89 0z\"><\/path><\/svg>\t\t\t\t<\/span>\n\t\t\t<\/div>\n\t\t\t\n\t\t\t\t\t\t<div class=\"elementor-icon-box-content\">\n\n\t\t\t\t\t\t\t\t\t<h3 class=\"elementor-icon-box-title\">\n\t\t\t\t\t\t<span  >\n\t\t\t\t\t\t\tStand-\/Kioskgestaltung\t\t\t\t\t\t<\/span>\n\t\t\t\t\t<\/h3>\n\t\t\t\t\n\t\t\t\t\t\t\t\t\t<p class=\"elementor-icon-box-description\">\n\t\t\t\t\t\tUnser Team erfahrener Designer wird mit Ihnen zusammenarbeiten, um fesselnde Stand- und Kioskgestaltungen zu kreieren, die Ihre Marke und Produkte effektiv pr\u00e4sentieren. Dabei garantieren wir maximale Sichtbarkeit und Interaktion auf Messen und Veranstaltungen.\t\t\t\t\t<\/p>\n\t\t\t\t\n\t\t\t<\/div>\n\t\t\t\n\t\t<\/div>\n\t\t\t\t\t\t<\/div>\n\t\t\t\t<\/div>\n\t\t\t\t\t<\/div>\n\t\t\t\t<\/div>\n\t\t<div class=\"elementor-element elementor-element-adc91fe animated-slow hover e-flex e-con-boxed elementor-invisible e-con e-child\" data-id=\"adc91fe\" data-element_type=\"container\" data-settings=\"{&quot;background_background&quot;:&quot;classic&quot;,&quot;animation&quot;:&quot;fadeInUp&quot;}\">\n\t\t\t\t\t<div class=\"e-con-inner\">\n\t\t\t\t<div class=\"elementor-element elementor-element-5147fdc hover elementor-view-default elementor-position-top elementor-mobile-position-top elementor-widget elementor-widget-icon-box\" data-id=\"5147fdc\" data-element_type=\"widget\" data-widget_type=\"icon-box.default\">\n\t\t\t\t<div class=\"elementor-widget-container\">\n\t\t\t\t\t\t\t<div class=\"elementor-icon-box-wrapper\">\n\n\t\t\t\t\t\t<div class=\"elementor-icon-box-icon\">\n\t\t\t\t<span  class=\"elementor-icon\">\n\t\t\t\t<svg aria-hidden=\"true\" class=\"e-font-icon-svg e-fab-buffer\" viewBox=\"0 0 448 512\" xmlns=\"http:\/\/www.w3.org\/2000\/svg\"><path d=\"M427.84 380.67l-196.5 97.82a18.6 18.6 0 0 1-14.67 0L20.16 380.67c-4-2-4-5.28 0-7.29L67.22 350a18.65 18.65 0 0 1 14.69 0l134.76 67a18.51 18.51 0 0 0 14.67 0l134.76-67a18.62 18.62 0 0 1 14.68 0l47.06 23.43c4.05 1.96 4.05 5.24 0 7.24zm0-136.53l-47.06-23.43a18.62 18.62 0 0 0-14.68 0l-134.76 67.08a18.68 18.68 0 0 1-14.67 0L81.91 220.71a18.65 18.65 0 0 0-14.69 0l-47.06 23.43c-4 2-4 5.29 0 7.31l196.51 97.8a18.6 18.6 0 0 0 14.67 0l196.5-97.8c4.05-2.02 4.05-5.3 0-7.31zM20.16 130.42l196.5 90.29a20.08 20.08 0 0 0 14.67 0l196.51-90.29c4-1.86 4-4.89 0-6.74L231.33 33.4a19.88 19.88 0 0 0-14.67 0l-196.5 90.28c-4.05 1.85-4.05 4.88 0 6.74z\"><\/path><\/svg>\t\t\t\t<\/span>\n\t\t\t<\/div>\n\t\t\t\n\t\t\t\t\t\t<div class=\"elementor-icon-box-content\">\n\n\t\t\t\t\t\t\t\t\t<h3 class=\"elementor-icon-box-title\">\n\t\t\t\t\t\t<span  >\n\t\t\t\t\t\t\tBau-Dienstleistungen\t\t\t\t\t\t<\/span>\n\t\t\t\t\t<\/h3>\n\t\t\t\t\n\t\t\t\t\t\t\t\t\t<p class=\"elementor-icon-box-description\">\n\t\t\t\t\t\tVon der ersten Planung bis zur Bauausf\u00fchrung vor Ort liefern unsere erfahrenen Handwerker hochwertige Bauleistungen. Dabei stellen wir sicher, dass Ihr Stand oder Kiosk perfekt gebaut wird und alle Sicherheits- und Regelstandards erf\u00fcllt.\t\t\t\t\t<\/p>\n\t\t\t\t\n\t\t\t<\/div>\n\t\t\t\n\t\t<\/div>\n\t\t\t\t\t\t<\/div>\n\t\t\t\t<\/div>\n\t\t\t\t\t<\/div>\n\t\t\t\t<\/div>\n\t\t<div class=\"elementor-element elementor-element-e2bb8a3 animated-slow hover e-flex e-con-boxed elementor-invisible e-con e-child\" data-id=\"e2bb8a3\" data-element_type=\"container\" data-settings=\"{&quot;background_background&quot;:&quot;classic&quot;,&quot;animation&quot;:&quot;fadeInUp&quot;}\">\n\t\t\t\t\t<div class=\"e-con-inner\">\n\t\t\t\t<div class=\"elementor-element elementor-element-77b4098 hover elementor-view-default elementor-position-top elementor-mobile-position-top elementor-widget elementor-widget-icon-box\" data-id=\"77b4098\" data-element_type=\"widget\" data-widget_type=\"icon-box.default\">\n\t\t\t\t<div class=\"elementor-widget-container\">\n\t\t\t\t\t\t\t<div class=\"elementor-icon-box-wrapper\">\n\n\t\t\t\t\t\t<div class=\"elementor-icon-box-icon\">\n\t\t\t\t<span  class=\"elementor-icon\">\n\t\t\t\t<svg aria-hidden=\"true\" class=\"e-font-icon-svg e-fas-braille\" viewBox=\"0 0 640 512\" xmlns=\"http:\/\/www.w3.org\/2000\/svg\"><path d=\"M128 256c0 35.346-28.654 64-64 64S0 291.346 0 256s28.654-64 64-64 64 28.654 64 64zM64 384c-17.673 0-32 14.327-32 32s14.327 32 32 32 32-14.327 32-32-14.327-32-32-32zm0-352C28.654 32 0 60.654 0 96s28.654 64 64 64 64-28.654 64-64-28.654-64-64-64zm160 192c-17.673 0-32 14.327-32 32s14.327 32 32 32 32-14.327 32-32-14.327-32-32-32zm0 160c-17.673 0-32 14.327-32 32s14.327 32 32 32 32-14.327 32-32-14.327-32-32-32zm0-352c-35.346 0-64 28.654-64 64s28.654 64 64 64 64-28.654 64-64-28.654-64-64-64zm224 192c-17.673 0-32 14.327-32 32s14.327 32 32 32 32-14.327 32-32-14.327-32-32-32zm0 160c-17.673 0-32 14.327-32 32s14.327 32 32 32 32-14.327 32-32-14.327-32-32-32zm0-352c-35.346 0-64 28.654-64 64s28.654 64 64 64 64-28.654 64-64-28.654-64-64-64zm160 192c-17.673 0-32 14.327-32 32s14.327 32 32 32 32-14.327 32-32-14.327-32-32-32zm0 160c-17.673 0-32 14.327-32 32s14.327 32 32 32 32-14.327 32-32-14.327-32-32-32zm0-320c-17.673 0-32 14.327-32 32s14.327 32 32 32 32-14.327 32-32-14.327-32-32-32z\"><\/path><\/svg>\t\t\t\t<\/span>\n\t\t\t<\/div>\n\t\t\t\n\t\t\t\t\t\t<div class=\"elementor-icon-box-content\">\n\n\t\t\t\t\t\t\t\t\t<h3 class=\"elementor-icon-box-title\">\n\t\t\t\t\t\t<span  >\n\t\t\t\t\t\t\tGrafik & Branding\t\t\t\t\t\t<\/span>\n\t\t\t\t\t<\/h3>\n\t\t\t\t\n\t\t\t\t\t\t\t\t\t<p class=\"elementor-icon-box-description\">\n\t\t\t\t\t\tSteigern Sie Ihre Markenpr\u00e4senz mit unseren umfassenden Grafik- und Branding-Dienstleistungen. Von auff\u00e4lliger Beschilderung bis hin zu einheitlichen Branding-Elementen helfen wir Ihnen, sich von der Konkurrenz abzuheben und einen bleibenden Eindruck bei Ihrem Publikum zu hinterlassen.\t\t\t\t\t<\/p>\n\t\t\t\t\n\t\t\t<\/div>\n\t\t\t\n\t\t<\/div>\n\t\t\t\t\t\t<\/div>\n\t\t\t\t<\/div>\n\t\t\t\t\t<\/div>\n\t\t\t\t<\/div>\n\t\t<div class=\"elementor-element elementor-element-b95b325 animated-slow hover e-flex e-con-boxed elementor-invisible e-con e-child\" data-id=\"b95b325\" data-element_type=\"container\" data-settings=\"{&quot;background_background&quot;:&quot;classic&quot;,&quot;animation&quot;:&quot;fadeInUp&quot;}\">\n\t\t\t\t\t<div class=\"e-con-inner\">\n\t\t\t\t<div class=\"elementor-element elementor-element-f79ec47 elementor-view-default elementor-position-top elementor-mobile-position-top elementor-widget elementor-widget-icon-box\" data-id=\"f79ec47\" data-element_type=\"widget\" data-widget_type=\"icon-box.default\">\n\t\t\t\t<div class=\"elementor-widget-container\">\n\t\t\t\t\t\t\t<div class=\"elementor-icon-box-wrapper\">\n\n\t\t\t\t\t\t<div class=\"elementor-icon-box-icon\">\n\t\t\t\t<span  class=\"elementor-icon\">\n\t\t\t\t<svg aria-hidden=\"true\" class=\"e-font-icon-svg e-fas-box-open\" viewBox=\"0 0 640 512\" xmlns=\"http:\/\/www.w3.org\/2000\/svg\"><path d=\"M425.7 256c-16.9 0-32.8-9-41.4-23.4L320 126l-64.2 106.6c-8.7 14.5-24.6 23.5-41.5 23.5-4.5 0-9-.6-13.3-1.9L64 215v178c0 14.7 10 27.5 24.2 31l216.2 54.1c10.2 2.5 20.9 2.5 31 0L551.8 424c14.2-3.6 24.2-16.4 24.2-31V215l-137 39.1c-4.3 1.3-8.8 1.9-13.3 1.9zm212.6-112.2L586.8 41c-3.1-6.2-9.8-9.8-16.7-8.9L320 64l91.7 152.1c3.8 6.3 11.4 9.3 18.5 7.3l197.9-56.5c9.9-2.9 14.7-13.9 10.2-23.1zM53.2 41L1.7 143.8c-4.6 9.2.3 20.2 10.1 23l197.9 56.5c7.1 2 14.7-1 18.5-7.3L320 64 69.8 32.1c-6.9-.8-13.5 2.7-16.6 8.9z\"><\/path><\/svg>\t\t\t\t<\/span>\n\t\t\t<\/div>\n\t\t\t\n\t\t\t\t\t\t<div class=\"elementor-icon-box-content\">\n\n\t\t\t\t\t\t\t\t\t<h3 class=\"elementor-icon-box-title\">\n\t\t\t\t\t\t<span  >\n\t\t\t\t\t\t\tZollabfertigung\t\t\t\t\t\t<\/span>\n\t\t\t\t\t<\/h3>\n\t\t\t\t\n\t\t\t\t\t\t\t\t\t<p class=\"elementor-icon-box-description\">\n\t\t\t\t\t\tVereinfachen Sie die Logistik f\u00fcr internationale Messen mit unseren Zollabfertigungsdiensten. Unser Team k\u00fcmmert sich um alle Aspekte der Zolldokumentation und -abfertigungsverfahren, um Ihnen eine reibungslose und problemlose Erfahrung zu bieten.\t\t\t\t\t<\/p>\n\t\t\t\t\n\t\t\t<\/div>\n\t\t\t\n\t\t<\/div>\n\t\t\t\t\t\t<\/div>\n\t\t\t\t<\/div>\n\t\t\t\t\t<\/div>\n\t\t\t\t<\/div>\n\t\t\t\t\t<\/div>\n\t\t\t\t<\/div>\n\t\t\t\t<\/div>\n\t\t<div class=\"elementor-element elementor-element-dd4cb72 e-con-full e-flex e-con e-child\" data-id=\"dd4cb72\" data-element_type=\"container\">\n\t\t<div class=\"elementor-element elementor-element-7beb8ca e-grid e-con-boxed e-con e-child\" data-id=\"7beb8ca\" data-element_type=\"container\">\n\t\t\t\t\t<div class=\"e-con-inner\">\n\t\t<div class=\"elementor-element elementor-element-70bee7a animated-slow e-flex e-con-boxed elementor-invisible e-con e-child\" data-id=\"70bee7a\" data-element_type=\"container\" data-settings=\"{&quot;background_background&quot;:&quot;classic&quot;,&quot;animation&quot;:&quot;fadeInUp&quot;}\">\n\t\t\t\t\t<div class=\"e-con-inner\">\n\t\t\t\t<div class=\"elementor-element elementor-element-d000f9b elementor-view-default elementor-position-top elementor-mobile-position-top elementor-widget elementor-widget-icon-box\" data-id=\"d000f9b\" data-element_type=\"widget\" data-widget_type=\"icon-box.default\">\n\t\t\t\t<div class=\"elementor-widget-container\">\n\t\t\t\t\t\t\t<div class=\"elementor-icon-box-wrapper\">\n\n\t\t\t\t\t\t<div class=\"elementor-icon-box-icon\">\n\t\t\t\t<span  class=\"elementor-icon\">\n\t\t\t\t<svg aria-hidden=\"true\" class=\"e-font-icon-svg e-fas-paint-brush\" viewBox=\"0 0 512 512\" xmlns=\"http:\/\/www.w3.org\/2000\/svg\"><path d=\"M167.02 309.34c-40.12 2.58-76.53 17.86-97.19 72.3-2.35 6.21-8 9.98-14.59 9.98-11.11 0-45.46-27.67-55.25-34.35C0 439.62 37.93 512 128 512c75.86 0 128-43.77 128-120.19 0-3.11-.65-6.08-.97-9.13l-88.01-73.34zM457.89 0c-15.16 0-29.37 6.71-40.21 16.45C213.27 199.05 192 203.34 192 257.09c0 13.7 3.25 26.76 8.73 38.7l63.82 53.18c7.21 1.8 14.64 3.03 22.39 3.03 62.11 0 98.11-45.47 211.16-256.46 7.38-14.35 13.9-29.85 13.9-45.99C512 20.64 486 0 457.89 0z\"><\/path><\/svg>\t\t\t\t<\/span>\n\t\t\t<\/div>\n\t\t\t\n\t\t\t\t\t\t<div class=\"elementor-icon-box-content\">\n\n\t\t\t\t\t\t\t\t\t<h3 class=\"elementor-icon-box-title\">\n\t\t\t\t\t\t<span  >\n\t\t\t\t\t\t\tHostessen\t\t\t\t\t\t<\/span>\n\t\t\t\t\t<\/h3>\n\t\t\t\t\n\t\t\t\t\t\t\t\t\t<p class=\"elementor-icon-box-description\">\n\t\t\t\t\t\tVerbessern Sie Ihr Messeerlebnis mit unseren professionellen Hostess-Dienstleistungen. Unsere erfahrenen und h\u00f6flichen Hostessen bieten den Besuchern eine pers\u00f6nliche Unterst\u00fctzung, um eine positive und unvergessliche Interaktion mit Ihrer Marke zu gew\u00e4hrleisten.\t\t\t\t\t<\/p>\n\t\t\t\t\n\t\t\t<\/div>\n\t\t\t\n\t\t<\/div>\n\t\t\t\t\t\t<\/div>\n\t\t\t\t<\/div>\n\t\t\t\t\t<\/div>\n\t\t\t\t<\/div>\n\t\t<div class=\"elementor-element elementor-element-01da554 animated-slow hover e-flex e-con-boxed elementor-invisible e-con e-child\" data-id=\"01da554\" data-element_type=\"container\" data-settings=\"{&quot;background_background&quot;:&quot;classic&quot;,&quot;animation&quot;:&quot;fadeInUp&quot;}\">\n\t\t\t\t\t<div class=\"e-con-inner\">\n\t\t\t\t<div class=\"elementor-element elementor-element-b93f84d hover elementor-view-default elementor-position-top elementor-mobile-position-top elementor-widget elementor-widget-icon-box\" data-id=\"b93f84d\" data-element_type=\"widget\" data-widget_type=\"icon-box.default\">\n\t\t\t\t<div class=\"elementor-widget-container\">\n\t\t\t\t\t\t\t<div class=\"elementor-icon-box-wrapper\">\n\n\t\t\t\t\t\t<div class=\"elementor-icon-box-icon\">\n\t\t\t\t<span  class=\"elementor-icon\">\n\t\t\t\t<svg aria-hidden=\"true\" class=\"e-font-icon-svg e-fab-buffer\" viewBox=\"0 0 448 512\" xmlns=\"http:\/\/www.w3.org\/2000\/svg\"><path d=\"M427.84 380.67l-196.5 97.82a18.6 18.6 0 0 1-14.67 0L20.16 380.67c-4-2-4-5.28 0-7.29L67.22 350a18.65 18.65 0 0 1 14.69 0l134.76 67a18.51 18.51 0 0 0 14.67 0l134.76-67a18.62 18.62 0 0 1 14.68 0l47.06 23.43c4.05 1.96 4.05 5.24 0 7.24zm0-136.53l-47.06-23.43a18.62 18.62 0 0 0-14.68 0l-134.76 67.08a18.68 18.68 0 0 1-14.67 0L81.91 220.71a18.65 18.65 0 0 0-14.69 0l-47.06 23.43c-4 2-4 5.29 0 7.31l196.51 97.8a18.6 18.6 0 0 0 14.67 0l196.5-97.8c4.05-2.02 4.05-5.3 0-7.31zM20.16 130.42l196.5 90.29a20.08 20.08 0 0 0 14.67 0l196.51-90.29c4-1.86 4-4.89 0-6.74L231.33 33.4a19.88 19.88 0 0 0-14.67 0l-196.5 90.28c-4.05 1.85-4.05 4.88 0 6.74z\"><\/path><\/svg>\t\t\t\t<\/span>\n\t\t\t<\/div>\n\t\t\t\n\t\t\t\t\t\t<div class=\"elementor-icon-box-content\">\n\n\t\t\t\t\t\t\t\t\t<h3 class=\"elementor-icon-box-title\">\n\t\t\t\t\t\t<span  >\n\t\t\t\t\t\t\tNachbetreuung\t\t\t\t\t\t<\/span>\n\t\t\t\t\t<\/h3>\n\t\t\t\t\n\t\t\t\t\t\t\t\t\t<p class=\"elementor-icon-box-description\">\n\t\t\t\t\t\tUnser Engagement f\u00fcr Ihren Erfolg erstreckt sich \u00fcber das Event hinaus. Mit unseren Nachbetreuungsdiensten bieten wir umfassende Unterst\u00fctzung, einschlie\u00dflich Demontage, Lagerung und Logistik, um einen reibungslosen Abschluss Ihres Messeerlebnisses zu gew\u00e4hrleisten.\t\t\t\t\t<\/p>\n\t\t\t\t\n\t\t\t<\/div>\n\t\t\t\n\t\t<\/div>\n\t\t\t\t\t\t<\/div>\n\t\t\t\t<\/div>\n\t\t\t\t\t<\/div>\n\t\t\t\t<\/div>\n\t\t<div class=\"elementor-element elementor-element-1eafd54 animated-slow hover e-flex e-con-boxed elementor-invisible e-con e-child\" data-id=\"1eafd54\" data-element_type=\"container\" data-settings=\"{&quot;background_background&quot;:&quot;classic&quot;,&quot;animation&quot;:&quot;fadeInUp&quot;}\">\n\t\t\t\t\t<div class=\"e-con-inner\">\n\t\t\t\t<div class=\"elementor-element elementor-element-a16fb40 hover elementor-view-default elementor-position-top elementor-mobile-position-top elementor-widget elementor-widget-icon-box\" data-id=\"a16fb40\" data-element_type=\"widget\" data-widget_type=\"icon-box.default\">\n\t\t\t\t<div class=\"elementor-widget-container\">\n\t\t\t\t\t\t\t<div class=\"elementor-icon-box-wrapper\">\n\n\t\t\t\t\t\t<div class=\"elementor-icon-box-icon\">\n\t\t\t\t<span  class=\"elementor-icon\">\n\t\t\t\t<svg aria-hidden=\"true\" class=\"e-font-icon-svg e-fas-house-damage\" viewBox=\"0 0 576 512\" xmlns=\"http:\/\/www.w3.org\/2000\/svg\"><path d=\"M288 114.96L69.47 307.71c-1.62 1.46-3.69 2.14-5.47 3.35V496c0 8.84 7.16 16 16 16h149.23L192 439.19l104.11-64-60.16-119.22L384 392.75l-104.11 64L319.81 512H496c8.84 0 16-7.16 16-16V311.1c-1.7-1.16-3.72-1.82-5.26-3.2L288 114.96zm282.69 121.32L512 184.45V48c0-8.84-7.16-16-16-16h-64c-8.84 0-16 7.16-16 16v51.69L314.75 10.31C307.12 3.45 297.56.01 288 0s-19.1 3.41-26.7 10.27L5.31 236.28c-6.57 5.91-7.12 16.02-1.21 22.6l21.4 23.82c5.9 6.57 16.02 7.12 22.6 1.21L277.42 81.63c6.05-5.33 15.12-5.33 21.17 0L527.91 283.9c6.57 5.9 16.69 5.36 22.6-1.21l21.4-23.82c5.9-6.57 5.36-16.69-1.22-22.59z\"><\/path><\/svg>\t\t\t\t<\/span>\n\t\t\t<\/div>\n\t\t\t\n\t\t\t\t\t\t<div class=\"elementor-icon-box-content\">\n\n\t\t\t\t\t\t\t\t\t<h3 class=\"elementor-icon-box-title\">\n\t\t\t\t\t\t<span  >\n\t\t\t\t\t\t\tInnenarchitektur\t\t\t\t\t\t<\/span>\n\t\t\t\t\t<\/h3>\n\t\t\t\t\n\t\t\t\t\t\t\t\t\t<p class=\"elementor-icon-box-description\">\n\t\t\t\t\t\tGestalten Sie Ihren Raum: Durch nahtlose Verbindung von Kreativit\u00e4t und Handwerkskunst von der Konzeption bis zur Ausf\u00fchrung liefern wir au\u00dfergew\u00f6hnliche Designs.\t\t\t\t\t<\/p>\n\t\t\t\t\n\t\t\t<\/div>\n\t\t\t\n\t\t<\/div>\n\t\t\t\t\t\t<\/div>\n\t\t\t\t<\/div>\n\t\t\t\t\t<\/div>\n\t\t\t\t<\/div>\n\t\t<div class=\"elementor-element elementor-element-f06c849 animated-slow hover e-flex e-con-boxed elementor-invisible e-con e-child\" data-id=\"f06c849\" data-element_type=\"container\" data-settings=\"{&quot;background_background&quot;:&quot;classic&quot;,&quot;animation&quot;:&quot;fadeInUp&quot;}\">\n\t\t\t\t\t<div class=\"e-con-inner\">\n\t\t\t\t<div class=\"elementor-element elementor-element-cdf50f3 elementor-view-default elementor-position-top elementor-mobile-position-top elementor-widget elementor-widget-icon-box\" data-id=\"cdf50f3\" data-element_type=\"widget\" data-widget_type=\"icon-box.default\">\n\t\t\t\t<div class=\"elementor-widget-container\">\n\t\t\t\t\t\t\t<div class=\"elementor-icon-box-wrapper\">\n\n\t\t\t\t\t\t<div class=\"elementor-icon-box-icon\">\n\t\t\t\t<span  class=\"elementor-icon\">\n\t\t\t\t<svg aria-hidden=\"true\" class=\"e-font-icon-svg e-far-gem\" viewBox=\"0 0 576 512\" xmlns=\"http:\/\/www.w3.org\/2000\/svg\"><path d=\"M464 0H112c-4 0-7.8 2-10 5.4L2 152.6c-2.9 4.4-2.6 10.2.7 14.2l276 340.8c4.8 5.9 13.8 5.9 18.6 0l276-340.8c3.3-4.1 3.6-9.8.7-14.2L474.1 5.4C471.8 2 468.1 0 464 0zm-19.3 48l63.3 96h-68.4l-51.7-96h56.8zm-202.1 0h90.7l51.7 96H191l51.6-96zm-111.3 0h56.8l-51.7 96H68l63.3-96zm-43 144h51.4L208 352 88.3 192zm102.9 0h193.6L288 435.3 191.2 192zM368 352l68.2-160h51.4L368 352z\"><\/path><\/svg>\t\t\t\t<\/span>\n\t\t\t<\/div>\n\t\t\t\n\t\t\t\t\t\t<div class=\"elementor-icon-box-content\">\n\n\t\t\t\t\t\t\t\t\t<h3 class=\"elementor-icon-box-title\">\n\t\t\t\t\t\t<span  >\n\t\t\t\t\t\t\tShowroomgestaltung\t\t\t\t\t\t<\/span>\n\t\t\t\t\t<\/h3>\n\t\t\t\t\n\t\t\t\t\t\t\t\t\t<p class=\"elementor-icon-box-description\">\n\t\t\t\t\t\tUnser Engagement f\u00fcr das beste Design gew\u00e4hrleistet eine effektive Produktpr\u00e4sentation mit einer sch\u00f6nen \u00c4sthetik, die perfekt erg\u00e4nzt.\t\t\t\t\t<\/p>\n\t\t\t\t\n\t\t\t<\/div>\n\t\t\t\n\t\t<\/div>\n\t\t\t\t\t\t<\/div>\n\t\t\t\t<\/div>\n\t\t\t\t\t<\/div>\n\t\t\t\t<\/div>\n\t\t\t\t\t<\/div>\n\t\t\t\t<\/div>\n\t\t\t\t<\/div>\n\t\t\t\t\t<\/div>\n\t\t\t\t<\/div>\n\t\t<div class=\"elementor-element elementor-element-074934e e-flex e-con-boxed e-con e-parent\" data-id=\"074934e\" data-element_type=\"container\" data-settings=\"{&quot;background_background&quot;:&quot;classic&quot;}\">\n\t\t\t\t\t<div class=\"e-con-inner\">\n\t\t\t\t\t<\/div>\n\t\t\t\t<\/div>\n\t\t\t\t<\/div>\n\t\t","protected":false},"excerpt":{"rendered":"<p>Unsere Dienstleistungen Steigern Sie den Messeerfolg mit StandMe&#8217;s ma\u00dfgeschneiderten Dienstleistungen, die sorgf\u00e4ltig auf Ihre Bed\u00fcrfnisse zugeschnitten sind. Stand-\/Kioskgestaltung Unser Team erfahrener Designer wird mit Ihnen zusammenarbeiten, um fesselnde Stand- und Kioskgestaltungen zu kreieren, die Ihre Marke und Produkte effektiv pr\u00e4sentieren. Dabei garantieren wir maximale Sichtbarkeit und Interaktion auf Messen und Veranstaltungen. Bau-Dienstleistungen Von der ersten [&hellip;]<\/p>\n","protected":false},"author":1,"featured_media":0,"parent":0,"menu_order":0,"comment_status":"closed","ping_status":"closed","template":"elementor_header_footer","meta":{"_acf_changed":false,"inline_featured_image":false,"footnotes":""},"class_list":["post-1431","page","type-page","status-publish","hentry"],"acf":[],"_links":{"self":[{"href":"https:\/\/standme.de\/de\/wp-json\/wp\/v2\/pages\/1431","targetHints":{"allow":["GET"]}}],"collection":[{"href":"https:\/\/standme.de\/de\/wp-json\/wp\/v2\/pages"}],"about":[{"href":"https:\/\/standme.de\/de\/wp-json\/wp\/v2\/types\/page"}],"author":[{"embeddable":true,"href":"https:\/\/standme.de\/de\/wp-json\/wp\/v2\/users\/1"}],"replies":[{"embeddable":true,"href":"https:\/\/standme.de\/de\/wp-json\/wp\/v2\/comments?post=1431"}],"version-history":[{"count":4,"href":"https:\/\/standme.de\/de\/wp-json\/wp\/v2\/pages\/1431\/revisions"}],"predecessor-version":[{"id":1435,"href":"https:\/\/standme.de\/de\/wp-json\/wp\/v2\/pages\/1431\/revisions\/1435"}],"wp:attachment":[{"href":"https:\/\/standme.de\/de\/wp-json\/wp\/v2\/media?parent=1431"}],"curies":[{"name":"wp","href":"https:\/\/api.w.org\/{rel}","templated":true}]}}